{"id":227,"date":"2025-08-17T15:06:59","date_gmt":"2025-08-17T18:06:59","guid":{"rendered":"https:\/\/truanovsky.com.ar\/?page_id=227"},"modified":"2025-08-17T15:15:49","modified_gmt":"2025-08-17T18:15:49","slug":"empresa","status":"publish","type":"page","link":"https:\/\/truanovsky.com.ar\/index.php\/empresa\/","title":{"rendered":"Empresa"},"content":{"rendered":"<p>[et_pb_section fb_built=\u00bb1&#8243; _builder_version=\u00bb4.27.4&#8243; _module_preset=\u00bbdefault\u00bb background_color=\u00bbrgba(26,81,29,0.96)\u00bb background_image=\u00bbhttps:\/\/truanovsky.com.ar\/wp-content\/uploads\/2025\/06\/slide-home.jpg\u00bb background_blend=\u00bbmultiply\u00bb custom_padding=\u00bb17px||17px||true|\u00bb global_colors_info=\u00bb{}\u00bb theme_builder_area=\u00bbpost_content\u00bb][et_pb_row _builder_version=\u00bb4.27.4&#8243; _module_preset=\u00bbdefault\u00bb global_colors_info=\u00bb{}\u00bb theme_builder_area=\u00bbpost_content\u00bb][et_pb_column type=\u00bb4_4&#8243; _builder_version=\u00bb4.27.4&#8243; _module_preset=\u00bbdefault\u00bb global_colors_info=\u00bb{}\u00bb theme_builder_area=\u00bbpost_content\u00bb][et_pb_text _builder_version=\u00bb4.27.4&#8243; _module_preset=\u00bbdefault\u00bb header_font=\u00bb|700|||||||\u00bb header_text_align=\u00bbleft\u00bb header_text_color=\u00bb#ffffff\u00bb header_font_size=\u00bb35px\u00bb hover_enabled=\u00bb0&#8243; global_colors_info=\u00bb{}\u00bb theme_builder_area=\u00bbpost_content\u00bb sticky_enabled=\u00bb0&#8243;]<\/p>\n<h1>EMPRESA<\/h1>\n<p>[\/et_pb_text][\/et_pb_column][\/et_pb_row][\/et_pb_section][et_pb_section fb_built=\u00bb1&#8243; _builder_version=\u00bb4.27.4&#8243; _module_preset=\u00bbdefault\u00bb custom_padding=\u00bb2px|||||\u00bb global_colors_info=\u00bb{}\u00bb theme_builder_area=\u00bbpost_content\u00bb][et_pb_row _builder_version=\u00bb4.27.4&#8243; _module_preset=\u00bbdefault\u00bb theme_builder_area=\u00bbpost_content\u00bb][et_pb_column _builder_version=\u00bb4.27.4&#8243; _module_preset=\u00bbdefault\u00bb type=\u00bb4_4&#8243; theme_builder_area=\u00bbpost_content\u00bb][et_pb_text _builder_version=\u00bb4.27.4&#8243; _module_preset=\u00bbdefault\u00bb theme_builder_area=\u00bbpost_content\u00bb text_font_size=\u00bb20px\u00bb text_font=\u00bb||||||||\u00bb hover_enabled=\u00bb0&#8243; sticky_enabled=\u00bb0&#8243;]<\/p>\n<p>La historia de esta empresa familiar, que lleva dos generaciones de actuaci\u00f3n, es similar a la de muchas empresas Argentinas exitosas.<\/p>\n<p>[\/et_pb_text][\/et_pb_column][\/et_pb_row][et_pb_row _builder_version=\u00bb4.27.4&#8243; _module_preset=\u00bbdefault\u00bb theme_builder_area=\u00bbpost_content\u00bb column_structure=\u00bb1_2,1_2&#8243; hover_enabled=\u00bb0&#8243; sticky_enabled=\u00bb0&#8243; make_equal=\u00bbon\u00bb][et_pb_column _builder_version=\u00bb4.27.4&#8243; _module_preset=\u00bbdefault\u00bb type=\u00bb1_2&#8243; theme_builder_area=\u00bbpost_content\u00bb title_text=\u00bbIMG_3862&#8243; background_image=\u00bbhttps:\/\/truanovsky.com.ar\/wp-content\/uploads\/2025\/08\/IMG_3862.jpeg\u00bb hover_enabled=\u00bb0&#8243; sticky_enabled=\u00bb0&#8243;][\/et_pb_column][et_pb_column _builder_version=\u00bb4.27.4&#8243; _module_preset=\u00bbdefault\u00bb type=\u00bb1_2&#8243; theme_builder_area=\u00bbpost_content\u00bb][et_pb_text _builder_version=\u00bb4.27.4&#8243; _module_preset=\u00bbdefault\u00bb theme_builder_area=\u00bbpost_content\u00bb text_font=\u00bb|300|||||||\u00bb hover_enabled=\u00bb0&#8243; sticky_enabled=\u00bb0&#8243; text_font_size=\u00bb15px\u00bb text_line_height=\u00bb2em\u00bb]<\/p>\n<p>Fue fundada por Carlos Truanovsky en el a\u00f1o 1971 con mucho tes\u00f3n y esfuerzo, hasta llegar a consolidarse hoy en d\u00eda como un grupo empresario, que satisface las necesidades en diversas \u00e1reas de la Industria Argentina.<\/p>\n<p>En sus inicios, la empresa prove\u00eda servicios de corte de acero a\u00a0diversas compa\u00f1\u00edas del segmento metalmec\u00e1nico. <strong>Al identificar en dicho mercado nuevas necesidades, la compa\u00f1\u00eda comenz\u00f3 su proceso de especializaci\u00f3n para poder satisfacerlas, para lo cual incorpor\u00f3 bandas sin fin para el corte de metales, de la firma WIKUS de origen Alem\u00e1n,\u00a0 n\u00famero uno a nivel mundial.<\/strong><\/p>\n<p>Con el objetivo de mejorar el servicio a sus clientes, se incorpora la primer m\u00e1quina de soldado en el a\u00f1o 1996, la cual contribuye a brindar un mayor valor agregado. Con esta ampliaci\u00f3n, se gener\u00f3 un incremento de los pedidos, por lo que en la d\u00e9cada del 90, la firma comienza a\u00a0 organizarse\u00a0 estructuralmente para poder lograr una \u00f3ptima\u00a0 fidelizaci\u00f3n, mejorando de esta forma la relaci\u00f3n con sus clientes.<\/p>\n<p>[\/et_pb_text][\/et_pb_column][\/et_pb_row][et_pb_row _builder_version=\u00bb4.27.4&#8243; _module_preset=\u00bbdefault\u00bb theme_builder_area=\u00bbpost_content\u00bb custom_padding=\u00bb1px|||||\u00bb][et_pb_column _builder_version=\u00bb4.27.4&#8243; _module_preset=\u00bbdefault\u00bb type=\u00bb4_4&#8243; theme_builder_area=\u00bbpost_content\u00bb][et_pb_text _builder_version=\u00bb4.27.4&#8243; _module_preset=\u00bbdefault\u00bb theme_builder_area=\u00bbpost_content\u00bb text_font=\u00bb|300|||||||\u00bb hover_enabled=\u00bb0&#8243; sticky_enabled=\u00bb0&#8243; text_font_size=\u00bb15px\u00bb text_line_height=\u00bb2em\u00bb]<\/p>\n<p>Incorpora el servicio de entrega inmediata en Capital Federal y GBA, como as\u00ed tambi\u00e9n un Centro de Atenci\u00f3n al Cliente, transform\u00e1ndose en sin\u00f3nimo de Excelencia no s\u00f3lo en su Producto, sino tambi\u00e9n en su Servicio Postventa.<\/p>\n<p>Con su constante b\u00fasqueda de crecimiento, se incorporan a la empresa sus hijos, quienes le aportan un impulso mayor, no solo en la organizaci\u00f3n integral, sino tambi\u00e9n una nueva apertura con empresas del exterior.<\/p>\n<p>Ante la Gran Crisis de la Argentina en el a\u00f1o 2001, la empresa decide ampliar sus operaciones en el Sur del Brasil, tomando la distribuci\u00f3n exclusiva de los tres estados sure\u00f1os y funda METALBANDS DO BRASIL EXPORT-IMPORT LTDA. en la ciudad de Curitiba brindando los mismos servicios que en la Argentina.<\/p>\n<p>En el a\u00f1o 2005, con el af\u00e1n de expandir sus negocios, la empresa TALLERES TRUANOVSKY S.A. adquiere la firma WATERFALL CORPORATION S.A. poseedora de la marca TRIMAX en el mercado argentino.<\/p>\n<p><strong>La firma TRUANOVSKY S.A. obtiene luego de mucho esfuerzo la representaci\u00f3n de la firma EVERISING MACHINE CO. De origen Taiwan\u00e9s, l\u00edder en la fabricaci\u00f3n de m\u00e1quinas sin fin para el corte de metales.<\/strong><\/p>\n<p>[\/et_pb_text][\/et_pb_column][\/et_pb_row][\/et_pb_section]<\/p>\n","protected":false},"excerpt":{"rendered":"<p>EMPRESALa historia de esta empresa familiar, que lleva dos generaciones de actuaci\u00f3n, es similar a la de muchas empresas Argentinas exitosas.Fue fundada por Carlos Truanovsky en el a\u00f1o 1971 con mucho tes\u00f3n y esfuerzo, hasta llegar a consolidarse hoy en d\u00eda como un grupo empresario, que satisface las necesidades en diversas \u00e1reas de la Industria [&hellip;]<\/p>\n","protected":false},"author":1,"featured_media":0,"parent":0,"menu_order":0,"comment_status":"closed","ping_status":"closed","template":"","meta":{"_et_pb_use_builder":"on","_et_pb_old_content":"<!-- wp:divi\/placeholder \/-->","_et_gb_content_width":"","footnotes":""},"class_list":["post-227","page","type-page","status-publish","hentry"],"yoast_head":"<!-- This site is optimized with the Yoast SEO plugin v25.8 - https:\/\/yoast.com\/wordpress\/plugins\/seo\/ -->\n<title>Empresa - Truanovsky<\/title>\n<meta name=\"robots\" content=\"index, follow, max-snippet:-1, max-image-preview:large, max-video-preview:-1\" \/>\n<link rel=\"canonical\" href=\"https:\/\/truanovsky.com.ar\/index.php\/empresa\/\" \/>\n<meta property=\"og:locale\" content=\"es_ES\" \/>\n<meta property=\"og:type\" content=\"article\" \/>\n<meta property=\"og:title\" content=\"Empresa - Truanovsky\" \/>\n<meta property=\"og:description\" content=\"EMPRESALa historia de esta empresa familiar, que lleva dos generaciones de actuaci\u00f3n, es similar a la de muchas empresas Argentinas exitosas.Fue fundada por Carlos Truanovsky en el a\u00f1o 1971 con mucho tes\u00f3n y esfuerzo, hasta llegar a consolidarse hoy en d\u00eda como un grupo empresario, que satisface las necesidades en diversas \u00e1reas de la Industria [&hellip;]\" \/>\n<meta property=\"og:url\" content=\"https:\/\/truanovsky.com.ar\/index.php\/empresa\/\" \/>\n<meta property=\"og:site_name\" content=\"Truanovsky\" \/>\n<meta property=\"article:modified_time\" content=\"2025-08-17T18:15:49+00:00\" \/>\n<meta name=\"twitter:card\" content=\"summary_large_image\" \/>\n<meta name=\"twitter:label1\" content=\"Tiempo de lectura\" \/>\n\t<meta name=\"twitter:data1\" content=\"4 minutos\" \/>\n<script type=\"application\/ld+json\" class=\"yoast-schema-graph\">{\"@context\":\"https:\/\/schema.org\",\"@graph\":[{\"@type\":\"WebPage\",\"@id\":\"https:\/\/truanovsky.com.ar\/index.php\/empresa\/\",\"url\":\"https:\/\/truanovsky.com.ar\/index.php\/empresa\/\",\"name\":\"Empresa - Truanovsky\",\"isPartOf\":{\"@id\":\"https:\/\/truanovsky.com.ar\/#website\"},\"datePublished\":\"2025-08-17T18:06:59+00:00\",\"dateModified\":\"2025-08-17T18:15:49+00:00\",\"breadcrumb\":{\"@id\":\"https:\/\/truanovsky.com.ar\/index.php\/empresa\/#breadcrumb\"},\"inLanguage\":\"es\",\"potentialAction\":[{\"@type\":\"ReadAction\",\"target\":[\"https:\/\/truanovsky.com.ar\/index.php\/empresa\/\"]}]},{\"@type\":\"BreadcrumbList\",\"@id\":\"https:\/\/truanovsky.com.ar\/index.php\/empresa\/#breadcrumb\",\"itemListElement\":[{\"@type\":\"ListItem\",\"position\":1,\"name\":\"Portada\",\"item\":\"https:\/\/truanovsky.com.ar\/\"},{\"@type\":\"ListItem\",\"position\":2,\"name\":\"Empresa\"}]},{\"@type\":\"WebSite\",\"@id\":\"https:\/\/truanovsky.com.ar\/#website\",\"url\":\"https:\/\/truanovsky.com.ar\/\",\"name\":\"Truanovsky\",\"description\":\"La empresa del corte\",\"publisher\":{\"@id\":\"https:\/\/truanovsky.com.ar\/#organization\"},\"potentialAction\":[{\"@type\":\"SearchAction\",\"target\":{\"@type\":\"EntryPoint\",\"urlTemplate\":\"https:\/\/truanovsky.com.ar\/?s={search_term_string}\"},\"query-input\":{\"@type\":\"PropertyValueSpecification\",\"valueRequired\":true,\"valueName\":\"search_term_string\"}}],\"inLanguage\":\"es\"},{\"@type\":\"Organization\",\"@id\":\"https:\/\/truanovsky.com.ar\/#organization\",\"name\":\"Truanovsky\",\"url\":\"https:\/\/truanovsky.com.ar\/\",\"logo\":{\"@type\":\"ImageObject\",\"inLanguage\":\"es\",\"@id\":\"https:\/\/truanovsky.com.ar\/#\/schema\/logo\/image\/\",\"url\":\"https:\/\/truanovsky.com.ar\/wp-content\/uploads\/2025\/08\/logo-truanovksy-1tinta.png\",\"contentUrl\":\"https:\/\/truanovsky.com.ar\/wp-content\/uploads\/2025\/08\/logo-truanovksy-1tinta.png\",\"width\":449,\"height\":127,\"caption\":\"Truanovsky\"},\"image\":{\"@id\":\"https:\/\/truanovsky.com.ar\/#\/schema\/logo\/image\/\"}}]}<\/script>\n<!-- \/ Yoast SEO plugin. -->","yoast_head_json":{"title":"Empresa - Truanovsky","robots":{"index":"index","follow":"follow","max-snippet":"max-snippet:-1","max-image-preview":"max-image-preview:large","max-video-preview":"max-video-preview:-1"},"canonical":"https:\/\/truanovsky.com.ar\/index.php\/empresa\/","og_locale":"es_ES","og_type":"article","og_title":"Empresa - Truanovsky","og_description":"EMPRESALa historia de esta empresa familiar, que lleva dos generaciones de actuaci\u00f3n, es similar a la de muchas empresas Argentinas exitosas.Fue fundada por Carlos Truanovsky en el a\u00f1o 1971 con mucho tes\u00f3n y esfuerzo, hasta llegar a consolidarse hoy en d\u00eda como un grupo empresario, que satisface las necesidades en diversas \u00e1reas de la Industria [&hellip;]","og_url":"https:\/\/truanovsky.com.ar\/index.php\/empresa\/","og_site_name":"Truanovsky","article_modified_time":"2025-08-17T18:15:49+00:00","twitter_card":"summary_large_image","twitter_misc":{"Tiempo de lectura":"4 minutos"},"schema":{"@context":"https:\/\/schema.org","@graph":[{"@type":"WebPage","@id":"https:\/\/truanovsky.com.ar\/index.php\/empresa\/","url":"https:\/\/truanovsky.com.ar\/index.php\/empresa\/","name":"Empresa - Truanovsky","isPartOf":{"@id":"https:\/\/truanovsky.com.ar\/#website"},"datePublished":"2025-08-17T18:06:59+00:00","dateModified":"2025-08-17T18:15:49+00:00","breadcrumb":{"@id":"https:\/\/truanovsky.com.ar\/index.php\/empresa\/#breadcrumb"},"inLanguage":"es","potentialAction":[{"@type":"ReadAction","target":["https:\/\/truanovsky.com.ar\/index.php\/empresa\/"]}]},{"@type":"BreadcrumbList","@id":"https:\/\/truanovsky.com.ar\/index.php\/empresa\/#breadcrumb","itemListElement":[{"@type":"ListItem","position":1,"name":"Portada","item":"https:\/\/truanovsky.com.ar\/"},{"@type":"ListItem","position":2,"name":"Empresa"}]},{"@type":"WebSite","@id":"https:\/\/truanovsky.com.ar\/#website","url":"https:\/\/truanovsky.com.ar\/","name":"Truanovsky","description":"La empresa del corte","publisher":{"@id":"https:\/\/truanovsky.com.ar\/#organization"},"potentialAction":[{"@type":"SearchAction","target":{"@type":"EntryPoint","urlTemplate":"https:\/\/truanovsky.com.ar\/?s={search_term_string}"},"query-input":{"@type":"PropertyValueSpecification","valueRequired":true,"valueName":"search_term_string"}}],"inLanguage":"es"},{"@type":"Organization","@id":"https:\/\/truanovsky.com.ar\/#organization","name":"Truanovsky","url":"https:\/\/truanovsky.com.ar\/","logo":{"@type":"ImageObject","inLanguage":"es","@id":"https:\/\/truanovsky.com.ar\/#\/schema\/logo\/image\/","url":"https:\/\/truanovsky.com.ar\/wp-content\/uploads\/2025\/08\/logo-truanovksy-1tinta.png","contentUrl":"https:\/\/truanovsky.com.ar\/wp-content\/uploads\/2025\/08\/logo-truanovksy-1tinta.png","width":449,"height":127,"caption":"Truanovsky"},"image":{"@id":"https:\/\/truanovsky.com.ar\/#\/schema\/logo\/image\/"}}]}},"_links":{"self":[{"href":"https:\/\/truanovsky.com.ar\/index.php\/wp-json\/wp\/v2\/pages\/227","targetHints":{"allow":["GET"]}}],"collection":[{"href":"https:\/\/truanovsky.com.ar\/index.php\/wp-json\/wp\/v2\/pages"}],"about":[{"href":"https:\/\/truanovsky.com.ar\/index.php\/wp-json\/wp\/v2\/types\/page"}],"author":[{"embeddable":true,"href":"https:\/\/truanovsky.com.ar\/index.php\/wp-json\/wp\/v2\/users\/1"}],"replies":[{"embeddable":true,"href":"https:\/\/truanovsky.com.ar\/index.php\/wp-json\/wp\/v2\/comments?post=227"}],"version-history":[{"count":5,"href":"https:\/\/truanovsky.com.ar\/index.php\/wp-json\/wp\/v2\/pages\/227\/revisions"}],"predecessor-version":[{"id":235,"href":"https:\/\/truanovsky.com.ar\/index.php\/wp-json\/wp\/v2\/pages\/227\/revisions\/235"}],"wp:attachment":[{"href":"https:\/\/truanovsky.com.ar\/index.php\/wp-json\/wp\/v2\/media?parent=227"}],"curies":[{"name":"wp","href":"https:\/\/api.w.org\/{rel}","templated":true}]}}